{"id":42,"date":"2018-04-20T07:48:09","date_gmt":"2018-04-20T05:48:09","guid":{"rendered":"http:\/\/ce.ligiergroup.fr\/?page_id=42"},"modified":"2025-11-04T07:42:01","modified_gmt":"2025-11-04T06:42:01","slug":"evenements","status":"publish","type":"page","link":"https:\/\/ce-abrest.ligiergroup.com\/index.php\/evenements\/","title":{"rendered":"EVENEMENTS"},"content":{"rendered":"\n<h2 class=\"wp-block-heading\">Galette des rois 2024<\/h2>\n\n\n\n<p>Bonne ann\u00e9e \u00e0 tous<\/p>\n\n\n\n<figure class=\"wp-block-image size-large\"><img loading=\"lazy\" decoding=\"async\" width=\"1024\" height=\"768\" src=\"https:\/\/ce-abrest.ligiergroup.com\/wp-content\/uploads\/2024\/01\/IMG_7465-1024x768.jpg\" alt=\"\" class=\"wp-image-702\" srcset=\"https:\/\/ce-abrest.ligiergroup.com\/wp-content\/uploads\/2024\/01\/IMG_7465-1024x768.jpg 1024w, https:\/\/ce-abrest.ligiergroup.com\/wp-content\/uploads\/2024\/01\/IMG_7465-300x225.jpg 300w, https:\/\/ce-abrest.ligiergroup.com\/wp-content\/uploads\/2024\/01\/IMG_7465-768x576.jpg 768w, https:\/\/ce-abrest.ligiergroup.com\/wp-content\/uploads\/2024\/01\/IMG_7465-1536x1152.jpg 1536w, https:\/\/ce-abrest.ligiergroup.com\/wp-content\/uploads\/2024\/01\/IMG_7465-2048x1536.jpg 2048w\" sizes=\"auto, (max-width: 1024px) 100vw, 1024px\" \/><\/figure>\n\n\n\n<figure class=\"wp-block-image size-large\"><img loading=\"lazy\" decoding=\"async\" width=\"1024\" height=\"768\" src=\"https:\/\/ce-abrest.ligiergroup.com\/wp-content\/uploads\/2024\/01\/IMG_7462-1024x768.jpg\" alt=\"\" class=\"wp-image-704\" srcset=\"https:\/\/ce-abrest.ligiergroup.com\/wp-content\/uploads\/2024\/01\/IMG_7462-1024x768.jpg 1024w, https:\/\/ce-abrest.ligiergroup.com\/wp-content\/uploads\/2024\/01\/IMG_7462-300x225.jpg 300w, https:\/\/ce-abrest.ligiergroup.com\/wp-content\/uploads\/2024\/01\/IMG_7462-768x576.jpg 768w, https:\/\/ce-abrest.ligiergroup.com\/wp-content\/uploads\/2024\/01\/IMG_7462-1536x1152.jpg 1536w, https:\/\/ce-abrest.ligiergroup.com\/wp-content\/uploads\/2024\/01\/IMG_7462-2048x1536.jpg 2048w\" sizes=\"auto, (max-width: 1024px) 100vw, 1024px\" \/><\/figure>\n\n\n\n<figure class=\"wp-block-image\"><img decoding=\"async\" src=\"blob:https:\/\/ce-abrest.ligiergroup.com\/de3dfe2f-4800-4abc-ad14-2b37e484f98e\" alt=\"\"\/><\/figure>\n\n\n\n<h2 class=\"wp-block-heading\">No\u00ebl au cin\u00e9ma 2023<\/h2>\n\n\n\n<p>Nous \u00e9tions presque 200 pour c\u00e9l\u00e9brer no\u00ebl ensemble lors d&rsquo;un moment convivial.<\/p>\n\n\n\n<figure class=\"wp-block-image size-large\"><img loading=\"lazy\" decoding=\"async\" width=\"1024\" height=\"768\" src=\"https:\/\/ce-abrest.ligiergroup.com\/wp-content\/uploads\/2024\/01\/MicrosoftTeams-image-25-1024x768.jpg\" alt=\"\" class=\"wp-image-693\" srcset=\"https:\/\/ce-abrest.ligiergroup.com\/wp-content\/uploads\/2024\/01\/MicrosoftTeams-image-25-1024x768.jpg 1024w, https:\/\/ce-abrest.ligiergroup.com\/wp-content\/uploads\/2024\/01\/MicrosoftTeams-image-25-300x225.jpg 300w, https:\/\/ce-abrest.ligiergroup.com\/wp-content\/uploads\/2024\/01\/MicrosoftTeams-image-25-768x576.jpg 768w, https:\/\/ce-abrest.ligiergroup.com\/wp-content\/uploads\/2024\/01\/MicrosoftTeams-image-25-1536x1152.jpg 1536w, https:\/\/ce-abrest.ligiergroup.com\/wp-content\/uploads\/2024\/01\/MicrosoftTeams-image-25-2048x1536.jpg 2048w\" sizes=\"auto, (max-width: 1024px) 100vw, 1024px\" \/><\/figure>\n\n\n\n<figure class=\"wp-block-image size-large\"><img loading=\"lazy\" decoding=\"async\" width=\"1024\" height=\"768\" src=\"https:\/\/ce-abrest.ligiergroup.com\/wp-content\/uploads\/2024\/01\/MicrosoftTeams-image-23-1024x768.jpg\" alt=\"\" class=\"wp-image-692\" srcset=\"https:\/\/ce-abrest.ligiergroup.com\/wp-content\/uploads\/2024\/01\/MicrosoftTeams-image-23-1024x768.jpg 1024w, https:\/\/ce-abrest.ligiergroup.com\/wp-content\/uploads\/2024\/01\/MicrosoftTeams-image-23-300x225.jpg 300w, https:\/\/ce-abrest.ligiergroup.com\/wp-content\/uploads\/2024\/01\/MicrosoftTeams-image-23-768x576.jpg 768w, https:\/\/ce-abrest.ligiergroup.com\/wp-content\/uploads\/2024\/01\/MicrosoftTeams-image-23-1536x1152.jpg 1536w, https:\/\/ce-abrest.ligiergroup.com\/wp-content\/uploads\/2024\/01\/MicrosoftTeams-image-23-2048x1536.jpg 2048w\" sizes=\"auto, (max-width: 1024px) 100vw, 1024px\" \/><\/figure>\n\n\n\n<figure class=\"wp-block-image size-large\"><img loading=\"lazy\" decoding=\"async\" width=\"768\" height=\"1024\" src=\"https:\/\/ce-abrest.ligiergroup.com\/wp-content\/uploads\/2024\/01\/MicrosoftTeams-image-17-768x1024.jpg\" alt=\"\" class=\"wp-image-696\" srcset=\"https:\/\/ce-abrest.ligiergroup.com\/wp-content\/uploads\/2024\/01\/MicrosoftTeams-image-17-768x1024.jpg 768w, https:\/\/ce-abrest.ligiergroup.com\/wp-content\/uploads\/2024\/01\/MicrosoftTeams-image-17-225x300.jpg 225w, https:\/\/ce-abrest.ligiergroup.com\/wp-content\/uploads\/2024\/01\/MicrosoftTeams-image-17-1152x1536.jpg 1152w, https:\/\/ce-abrest.ligiergroup.com\/wp-content\/uploads\/2024\/01\/MicrosoftTeams-image-17-1536x2048.jpg 1536w, https:\/\/ce-abrest.ligiergroup.com\/wp-content\/uploads\/2024\/01\/MicrosoftTeams-image-17-scaled.jpg 1920w\" sizes=\"auto, (max-width: 768px) 100vw, 768px\" \/><\/figure>\n\n\n\n<figure class=\"wp-block-image size-large\"><img loading=\"lazy\" decoding=\"async\" width=\"768\" height=\"1024\" src=\"https:\/\/ce-abrest.ligiergroup.com\/wp-content\/uploads\/2024\/01\/MicrosoftTeams-image-18-768x1024.jpg\" alt=\"\" class=\"wp-image-698\" srcset=\"https:\/\/ce-abrest.ligiergroup.com\/wp-content\/uploads\/2024\/01\/MicrosoftTeams-image-18-768x1024.jpg 768w, https:\/\/ce-abrest.ligiergroup.com\/wp-content\/uploads\/2024\/01\/MicrosoftTeams-image-18-225x300.jpg 225w, https:\/\/ce-abrest.ligiergroup.com\/wp-content\/uploads\/2024\/01\/MicrosoftTeams-image-18-1152x1536.jpg 1152w, https:\/\/ce-abrest.ligiergroup.com\/wp-content\/uploads\/2024\/01\/MicrosoftTeams-image-18-1536x2048.jpg 1536w, https:\/\/ce-abrest.ligiergroup.com\/wp-content\/uploads\/2024\/01\/MicrosoftTeams-image-18-scaled.jpg 1920w\" sizes=\"auto, (max-width: 768px) 100vw, 768px\" \/><\/figure>\n\n\n\n<figure class=\"wp-block-image size-large\"><img loading=\"lazy\" decoding=\"async\" width=\"768\" height=\"1024\" src=\"https:\/\/ce-abrest.ligiergroup.com\/wp-content\/uploads\/2024\/01\/MicrosoftTeams-image-16-768x1024.jpg\" alt=\"\" class=\"wp-image-697\" srcset=\"https:\/\/ce-abrest.ligiergroup.com\/wp-content\/uploads\/2024\/01\/MicrosoftTeams-image-16-768x1024.jpg 768w, https:\/\/ce-abrest.ligiergroup.com\/wp-content\/uploads\/2024\/01\/MicrosoftTeams-image-16-225x300.jpg 225w, https:\/\/ce-abrest.ligiergroup.com\/wp-content\/uploads\/2024\/01\/MicrosoftTeams-image-16-1152x1536.jpg 1152w, https:\/\/ce-abrest.ligiergroup.com\/wp-content\/uploads\/2024\/01\/MicrosoftTeams-image-16-1536x2048.jpg 1536w, https:\/\/ce-abrest.ligiergroup.com\/wp-content\/uploads\/2024\/01\/MicrosoftTeams-image-16-scaled.jpg 1920w\" sizes=\"auto, (max-width: 768px) 100vw, 768px\" \/><\/figure>\n\n\n\n<p><\/p>\n\n\n\n<p><\/p>\n\n\n\n<figure class=\"wp-block-image size-large\"><img loading=\"lazy\" decoding=\"async\" width=\"768\" height=\"1024\" src=\"https:\/\/ce-abrest.ligiergroup.com\/wp-content\/uploads\/2024\/01\/MicrosoftTeams-image-21-768x1024.jpg\" alt=\"\" class=\"wp-image-691\" srcset=\"https:\/\/ce-abrest.ligiergroup.com\/wp-content\/uploads\/2024\/01\/MicrosoftTeams-image-21-768x1024.jpg 768w, https:\/\/ce-abrest.ligiergroup.com\/wp-content\/uploads\/2024\/01\/MicrosoftTeams-image-21-225x300.jpg 225w, https:\/\/ce-abrest.ligiergroup.com\/wp-content\/uploads\/2024\/01\/MicrosoftTeams-image-21-1152x1536.jpg 1152w, https:\/\/ce-abrest.ligiergroup.com\/wp-content\/uploads\/2024\/01\/MicrosoftTeams-image-21-1536x2048.jpg 1536w, https:\/\/ce-abrest.ligiergroup.com\/wp-content\/uploads\/2024\/01\/MicrosoftTeams-image-21-scaled.jpg 1920w\" sizes=\"auto, (max-width: 768px) 100vw, 768px\" \/><\/figure>\n\n\n\n<p><\/p>\n\n\n\n<p><\/p>\n\n\n\n<h2 class=\"wp-block-heading\">Pofta Buna<\/h2>\n\n\n\n<h5 class=\"wp-block-heading\">Tout les mercredi midi.<br>Commande possible au 0603601944<\/h5>\n\n\n\n<figure class=\"wp-block-embed\"><div class=\"wp-block-embed__wrapper\">\nhttps:\/\/cdn.website.dish.co\/media\/bf\/69\/2871409\/POFTA-BUNA-Menu.pdf\n<\/div><\/figure>\n\n\n\n<figure class=\"wp-block-gallery has-nested-images columns-default is-cropped wp-block-gallery-1 is-layout-flex wp-block-gallery-is-layout-flex\">\n<figure class=\"wp-block-image size-large\"><img loading=\"lazy\" decoding=\"async\" width=\"476\" height=\"358\" data-id=\"520\" src=\"https:\/\/ce-abrest.ligiergroup.com\/wp-content\/uploads\/2022\/04\/foodtruck.png\" alt=\"\" class=\"wp-image-520\" srcset=\"https:\/\/ce-abrest.ligiergroup.com\/wp-content\/uploads\/2022\/04\/foodtruck.png 476w, https:\/\/ce-abrest.ligiergroup.com\/wp-content\/uploads\/2022\/04\/foodtruck-300x226.png 300w\" sizes=\"auto, (max-width: 476px) 100vw, 476px\" \/><\/figure>\n<\/figure>\n\n\n<div class=\"wp-block-image\">\n<figure class=\"aligncenter\"><img loading=\"lazy\" decoding=\"async\" width=\"293\" height=\"128\" src=\"http:\/\/ce-abrest.ligiergroup.com\/wp-content\/uploads\/2019\/10\/aaaaaaaa.jpg\" alt=\"\" class=\"wp-image-250\"\/><\/figure>\n<\/div>\n\n\n<p>Nous vous informons de la pr\u00e9sence d\u2019un Food Truck les Mardi d\u00e8s le 30\/10\/2019 \u00ab Les Charmes du Burger \u00bb sur le parking salari\u00e9s LIGIER GROUP (proche abri 2 roues) de 11h00 \u00e0 13h15 (commandes possibles \u00e0 l\u2019avance au 06 60 53 83 80)<\/p>\n\n\n<p><!--EndFragment--><\/p>\n<ul>\n<li>&nbsp;Tickets resto ok \/ ch\u00e8ques ok \/ esp\u00e8ces ok \/ PAS DE CB<\/li>\n<li>&nbsp;Pains artisanaux\/Viande Bovine Fran\u00e7aise<\/li>\n<li>Tous les Burgers sup\u00e9rieurs \u00e0 10\u20ac sur la carte seront pour les Salari\u00e9s LIGIER GROUP \u00e0 <strong>10\u20ac<\/strong> (<u>sauf \u00ab&nbsp;L\u2019extraordinaire&nbsp;\u00bb prix inchang\u00e9 \u00e0 14\u20ac)<\/u>.<\/li>\n<li>Menu burger\/frites\/boisson 11\u20ac<\/li>\n<\/ul>\n\n\n<p>Bon app\u00e9tit !<\/p>\n\n\n\n<figure class=\"wp-block-image\"><img loading=\"lazy\" decoding=\"async\" width=\"494\" height=\"308\" src=\"http:\/\/ce-abrest.ligiergroup.com\/wp-content\/uploads\/2019\/10\/zzzzzzzzzzzzzzzzzzzzzzzzzz-1.png\" alt=\"\" class=\"wp-image-254\" srcset=\"https:\/\/ce-abrest.ligiergroup.com\/wp-content\/uploads\/2019\/10\/zzzzzzzzzzzzzzzzzzzzzzzzzz-1.png 494w, https:\/\/ce-abrest.ligiergroup.com\/wp-content\/uploads\/2019\/10\/zzzzzzzzzzzzzzzzzzzzzzzzzz-1-300x187.png 300w\" sizes=\"auto, (max-width: 494px) 100vw, 494px\" \/><\/figure>\n\n\n\n<div class=\"wp-block-file\"><a id=\"wp-block-file--media-53c0f1b2-55a0-4407-9ce6-042a48477659\" href=\"http:\/\/ce-abrest.ligiergroup.com\/wp-content\/uploads\/2019\/10\/carte.png\">carte des burgers<\/a><a href=\"http:\/\/ce-abrest.ligiergroup.com\/wp-content\/uploads\/2019\/10\/carte.png\" class=\"wp-block-file__button wp-element-button\" download aria-describedby=\"wp-block-file--media-53c0f1b2-55a0-4407-9ce6-042a48477659\">T\u00e9l\u00e9charger<\/a><\/div>\n\n\n\n<p class=\"has-small-font-size\"><em>En cas d&rsquo;allergies alimentaires la Soci\u00e9t\u00e9 LIGIER GROUP ne pourrait \u00eatre tenue pour responsable.&nbsp;<\/em><\/p>\n","protected":false},"excerpt":{"rendered":"<p>Galette des rois 2024 Bonne ann\u00e9e \u00e0 tous No\u00ebl au cin\u00e9ma 2023 Nous \u00e9tions presque 200 pour c\u00e9l\u00e9brer no\u00ebl ensemble lors d&rsquo;un moment convivial. Pofta Buna Tout les mercredi midi.Commande possible au 0603601944 Nous vous informons de la pr\u00e9sence d\u2019un Food Truck les Mardi d\u00e8s le 30\/10\/2019 \u00ab Les Charmes du Burger \u00bb sur le [&hellip;]<\/p>\n","protected":false},"author":6,"featured_media":0,"parent":0,"menu_order":0,"comment_status":"closed","ping_status":"closed","template":"","meta":{"footnotes":""},"class_list":["post-42","page","type-page","status-publish","czr-hentry"],"_links":{"self":[{"href":"https:\/\/ce-abrest.ligiergroup.com\/index.php\/wp-json\/wp\/v2\/pages\/42","targetHints":{"allow":["GET"]}}],"collection":[{"href":"https:\/\/ce-abrest.ligiergroup.com\/index.php\/wp-json\/wp\/v2\/pages"}],"about":[{"href":"https:\/\/ce-abrest.ligiergroup.com\/index.php\/wp-json\/wp\/v2\/types\/page"}],"author":[{"embeddable":true,"href":"https:\/\/ce-abrest.ligiergroup.com\/index.php\/wp-json\/wp\/v2\/users\/6"}],"replies":[{"embeddable":true,"href":"https:\/\/ce-abrest.ligiergroup.com\/index.php\/wp-json\/wp\/v2\/comments?post=42"}],"version-history":[{"count":14,"href":"https:\/\/ce-abrest.ligiergroup.com\/index.php\/wp-json\/wp\/v2\/pages\/42\/revisions"}],"predecessor-version":[{"id":707,"href":"https:\/\/ce-abrest.ligiergroup.com\/index.php\/wp-json\/wp\/v2\/pages\/42\/revisions\/707"}],"wp:attachment":[{"href":"https:\/\/ce-abrest.ligiergroup.com\/index.php\/wp-json\/wp\/v2\/media?parent=42"}],"curies":[{"name":"wp","href":"https:\/\/api.w.org\/{rel}","templated":true}]}}