{"id":2,"date":"2018-04-17T18:29:43","date_gmt":"2018-04-17T16:29:43","guid":{"rendered":"http:\/\/ce.ligiergroup.fr\/?page_id=2"},"modified":"2024-06-13T14:12:25","modified_gmt":"2024-06-13T12:12:25","slug":"partenariat","status":"publish","type":"page","link":"https:\/\/ce-abrest.ligiergroup.com\/index.php\/partenariat\/","title":{"rendered":"PARTENARIAT"},"content":{"rendered":"<p>En un clic, venez d\u00e9couvrir tous les partenariats que nous avons avec les commerces locaux<\/p>\n<p>&nbsp;<\/p>\n\n<table id=\"tablepress-1\" class=\"tablepress tablepress-id-1\">\n<thead>\n<tr class=\"row-1\">\n\t<th class=\"column-1\">Nom de l'enseigne<\/th><th class=\"column-2\">Type de remise<\/th><th class=\"column-3\">Adresse<\/th>\n<\/tr>\n<\/thead>\n<tbody class=\"row-striping row-hover\">\n<tr class=\"row-2\">\n\t<td class=\"column-1\"><img loading=\"lazy\" decoding=\"async\" src=\"https:\/\/ce-abrest.ligiergroup.com\/wp-content\/uploads\/2022\/10\/aaaaaaaa-300x245.png\" alt=\"\" width=\"300\" height=\"245\" class=\"alignnone size-medium wp-image-606\" srcset=\"https:\/\/ce-abrest.ligiergroup.com\/wp-content\/uploads\/2022\/10\/aaaaaaaa-300x245.png 300w, https:\/\/ce-abrest.ligiergroup.com\/wp-content\/uploads\/2022\/10\/aaaaaaaa.png 419w\" sizes=\"auto, (max-width: 300px) 100vw, 300px\" \/><\/td><td class=\"column-2\">20% Salari\u00e9s Ligiergroup \u00e0 la boutique ainsi qu'aux diff\u00e9rentes manifestation<\/td><td class=\"column-3\">104 Avenue de vichy, 03300 Cusset<\/td>\n<\/tr>\n<tr class=\"row-3\">\n\t<td class=\"column-1\"><img loading=\"lazy\" decoding=\"async\" src=\"https:\/\/ce-abrest.ligiergroup.com\/wp-content\/uploads\/2022\/04\/logo.jpg\" alt=\"\" width=\"180\" height=\"180\" class=\"alignnone size-full wp-image-522\" srcset=\"https:\/\/ce-abrest.ligiergroup.com\/wp-content\/uploads\/2022\/04\/logo.jpg 180w, https:\/\/ce-abrest.ligiergroup.com\/wp-content\/uploads\/2022\/04\/logo-150x150.jpg 150w\" sizes=\"auto, (max-width: 180px) 100vw, 180px\" \/><\/td><td class=\"column-2\">10% Salari\u00e9s Ligiergroup sur magasin Cusset Uniquement<\/td><td class=\"column-3\">2 Route de paris, 03300 Cusset<\/td>\n<\/tr>\n<tr class=\"row-4\">\n\t<td class=\"column-1\"><img loading=\"lazy\" decoding=\"async\" src=\"https:\/\/ce-abrest.ligiergroup.com\/wp-content\/uploads\/2021\/10\/cigaverte.png\" alt=\"\" width=\"297\" height=\"80\" class=\"alignnone size-full wp-image-486\" \/><\/td><td class=\"column-2\">10% Salari\u00e9s Ligiergroup sur toute la boutique<\/td><td class=\"column-3\">2 Rue Sainte-Barbe, 03200 Vichy<\/td>\n<\/tr>\n<tr class=\"row-5\">\n\t<td class=\"column-1\"><img loading=\"lazy\" decoding=\"async\" src=\"https:\/\/ce-abrest.ligiergroup.com\/wp-content\/uploads\/2021\/10\/gigafit.png\" alt=\"\" width=\"224\" height=\"81\" class=\"alignnone size-full wp-image-488\" \/><\/td><td class=\"column-2\">-> 2 mois gratuit pour toute inscription annuelle<br \/>\n-> Offre 305\u20ac au lieu de 359\u20ac pour l'offre sans engagement d'une ann\u00e9e.<br \/>\n-> Offre foot \u00e0 6.50\u20ac au lieu de 7.50\u20ac.<br \/>\n-> Offre Squash: 6\u20ac la demi heure au lieu de 6.50\u20ac en heure pleine et 4.50\u20ac au lieu de 5\u20ac en heure creuse.<a href=\"https:\/\/drive.google.com\/file\/d\/1ZJLOc79sSn3-yn_NJ3UZYhsn-Wa4-fxi\/view?usp=sharing\" rel=\"noopener\" target=\"_blank\">Document 1<\/a><br \/>\n<a href=\"https:\/\/drive.google.com\/file\/d\/1d-LjLk3yG7JlTtjKEiz5PY4L5y0cjukb\/view?usp=sharing\" rel=\"noopener\" target=\"_blank\">Document 2<\/a><\/td><td class=\"column-3\">3 Av. du G\u00e9n\u00e9ral de Gaulle, 03700 Bellerive-sur-Allier<\/td>\n<\/tr>\n<tr class=\"row-6\">\n\t<td class=\"column-1\"><img loading=\"lazy\" decoding=\"async\" src=\"https:\/\/ce-abrest.ligiergroup.com\/wp-content\/uploads\/2021\/01\/logo.png\" alt=\"\" width=\"428\" height=\"133\" class=\"alignnone size-full wp-image-430\" srcset=\"https:\/\/ce-abrest.ligiergroup.com\/wp-content\/uploads\/2021\/01\/logo.png 428w, https:\/\/ce-abrest.ligiergroup.com\/wp-content\/uploads\/2021\/01\/logo-300x93.png 300w\" sizes=\"auto, (max-width: 428px) 100vw, 428px\" \/><\/td><td class=\"column-2\">5% Salari\u00e9s Ligiergroup<\/td><td class=\"column-3\"><a href=\"https:\/\/ce-abrest.ligiergroup.com\/wp-content\/uploads\/2021\/10\/plaquette.png\" rel=\"noopener\" target=\"_blank\">Plaquette<\/a><br><\/br><a href=\"http:\/\/www.worldnightevents.com\/\" rel=\"noopener\" target=\"_blank\">lien du site<\/a><\/td>\n<\/tr>\n<tr class=\"row-7\">\n\t<td class=\"column-1\"><img loading=\"lazy\" decoding=\"async\" src=\"http:\/\/ce-abrest.ligiergroup.com\/wp-content\/uploads\/2020\/01\/puydufou.png\" alt=\"\" width=\"257\" height=\"101\" class=\"alignnone size-full wp-image-339\" \/><\/td><td class=\"column-2\">Offres privileges CSE<br \/>\nCodes: cse-abrest@ligiergroup.com et mot de passe: HE5F)9&amp;R9<\/td><td class=\"column-3\"><a href=\"https:\/\/odv-reservation.puydufou.com\/fr\/Auth\/accueil?t=MjExOTIzMjIyNDYwMDA4MjM3OQ==&amp;c=MjAwMjA1NTgwMDk4MDIwMDgwOA==\" rel=\"noopener\" target=\"_blank\">lien vers le site<\/a><\/td>\n<\/tr>\n<tr class=\"row-8\">\n\t<td class=\"column-1\"><img loading=\"lazy\" decoding=\"async\" src=\"http:\/\/ce-abrest.ligiergroup.com\/wp-content\/uploads\/2020\/01\/LOGO-HOMAIR-hd-300x208.jpg\" alt=\"\" width=\"300\" height=\"208\" class=\"alignnone size-medium wp-image-335\" srcset=\"https:\/\/ce-abrest.ligiergroup.com\/wp-content\/uploads\/2020\/01\/LOGO-HOMAIR-hd-300x208.jpg 300w, https:\/\/ce-abrest.ligiergroup.com\/wp-content\/uploads\/2020\/01\/LOGO-HOMAIR-hd-1024x712.jpg 1024w, https:\/\/ce-abrest.ligiergroup.com\/wp-content\/uploads\/2020\/01\/LOGO-HOMAIR-hd-768x534.jpg 768w, https:\/\/ce-abrest.ligiergroup.com\/wp-content\/uploads\/2020\/01\/LOGO-HOMAIR-hd-1536x1067.jpg 1536w, https:\/\/ce-abrest.ligiergroup.com\/wp-content\/uploads\/2020\/01\/LOGO-HOMAIR-hd-2048x1423.jpg 2048w\" sizes=\"auto, (max-width: 300px) 100vw, 300px\" \/><\/td><td class=\"column-2\">Code partenaire: LIGIER03<br \/>\nFonctione aussi sur plamiers oc\u00e9ans 15% en basse et moyenne saison jusqu\u2019au 08 juillet 2023 et \u00e0 partir du 30 ao\u00fbt 2023<br \/>\n-5% du 08 juillet au 05 ao\u00fbt 2023<br \/>\n+ les frais de dossier de 25\u20ac offerts<\/td><td class=\"column-3\"><a href=\"http:\/\/www.homair.com\" rel=\"noopener noreferrer\" target=\"_blank\">homair<\/a><\/td>\n<\/tr>\n<tr class=\"row-9\">\n\t<td class=\"column-1\"><img loading=\"lazy\" decoding=\"async\" src=\"http:\/\/ce-abrest.ligiergroup.com\/wp-content\/uploads\/2020\/01\/securitest.png\" alt=\"\" width=\"250\" height=\"67\" class=\"alignnone size-full wp-image-332\" \/><\/td><td class=\"column-2\">Visite Technique P\u00e9riodique: 67\u20ac<br \/>\nVisite technique Compl\u00e9mentaire: 29\u20ac<br \/>\nContre-Visite: 15\u20ac<\/td><td class=\"column-3\">7 Avenue Poincar\u00e9, 03200 Vichy<\/td>\n<\/tr>\n<tr class=\"row-10\">\n\t<td class=\"column-1\"><img loading=\"lazy\" decoding=\"async\" src=\"http:\/\/ce-abrest.ligiergroup.com\/wp-content\/uploads\/2019\/10\/KILOUTOU_bloc-150x150.png\" alt=\"\" width=\"150\" height=\"150\" class=\"alignnone size-thumbnail wp-image-258\" srcset=\"https:\/\/ce-abrest.ligiergroup.com\/wp-content\/uploads\/2019\/10\/KILOUTOU_bloc-150x150.png 150w, https:\/\/ce-abrest.ligiergroup.com\/wp-content\/uploads\/2019\/10\/KILOUTOU_bloc-300x300.png 300w, https:\/\/ce-abrest.ligiergroup.com\/wp-content\/uploads\/2019\/10\/KILOUTOU_bloc-768x768.png 768w, https:\/\/ce-abrest.ligiergroup.com\/wp-content\/uploads\/2019\/10\/KILOUTOU_bloc-1024x1024.png 1024w, https:\/\/ce-abrest.ligiergroup.com\/wp-content\/uploads\/2019\/10\/KILOUTOU_bloc-510x510.png 510w, https:\/\/ce-abrest.ligiergroup.com\/wp-content\/uploads\/2019\/10\/KILOUTOU_bloc.png 1181w\" sizes=\"auto, (max-width: 150px) 100vw, 150px\" \/><\/td><td class=\"column-2\">30% sur pr\u00e9sentation de la carte CE<\/td><td class=\"column-3\">9 rue de Romainville ZI des Graves, 03300 Cusset<\/td>\n<\/tr>\n<tr class=\"row-11\">\n\t<td class=\"column-1\"><img loading=\"lazy\" decoding=\"async\" src=\"https:\/\/ce-abrest.ligiergroup.com\/wp-content\/uploads\/2023\/03\/burger-300x135.png\" alt=\"\" width=\"300\" height=\"135\" class=\"alignnone size-medium wp-image-631\" srcset=\"https:\/\/ce-abrest.ligiergroup.com\/wp-content\/uploads\/2023\/03\/burger-300x135.png 300w, https:\/\/ce-abrest.ligiergroup.com\/wp-content\/uploads\/2023\/03\/burger.png 317w\" sizes=\"auto, (max-width: 300px) 100vw, 300px\" \/><\/td><td class=\"column-2\">Tous les Mardis midi de 11h \u00e0 13h15 sur site Ligier Group  - Tous les burger \u00e0 10\u20ac sauf \"L'extraordinaire\" \u00e0 14\u20ac - Menu Burger+Frites+eau 50cl 11\u20ac<\/td><td class=\"column-3\"><\/td>\n<\/tr>\n<tr class=\"row-12\">\n\t<td class=\"column-1\"><img loading=\"lazy\" decoding=\"async\" src=\"https:\/\/ce-abrest.ligiergroup.com\/wp-content\/uploads\/2023\/03\/pofta-buna-300x160.png\" alt=\"\" width=\"300\" height=\"160\" class=\"alignnone size-medium wp-image-632\" srcset=\"https:\/\/ce-abrest.ligiergroup.com\/wp-content\/uploads\/2023\/03\/pofta-buna-300x160.png 300w, https:\/\/ce-abrest.ligiergroup.com\/wp-content\/uploads\/2023\/03\/pofta-buna.png 549w\" sizes=\"auto, (max-width: 300px) 100vw, 300px\" \/><\/td><td class=\"column-2\">Tous les Mercredis midi de 11h \u00e0 13h15 sur site Ligier Group - Formules \"Entr\u00e9e-Plat\" ou \"Plat-Dessert\" 11\u20ac<\/td><td class=\"column-3\"><\/td>\n<\/tr>\n<tr class=\"row-13\">\n\t<td class=\"column-1\"><img loading=\"lazy\" decoding=\"async\" src=\"http:\/\/ce-abrest.ligiergroup.com\/wp-content\/uploads\/2018\/05\/total_bieres_cave_00302300_191746649-300x90.png\" alt=\"\" width=\"300\" height=\"90\" class=\"alignnone size-medium wp-image-128\" srcset=\"https:\/\/ce-abrest.ligiergroup.com\/wp-content\/uploads\/2018\/05\/total_bieres_cave_00302300_191746649-300x90.png 300w, https:\/\/ce-abrest.ligiergroup.com\/wp-content\/uploads\/2018\/05\/total_bieres_cave_00302300_191746649.png 484w\" sizes=\"auto, (max-width: 300px) 100vw, 300px\" \/><\/td><td class=\"column-2\">10% sur pr\u00e9sentation de la carte CE<\/td><td class=\"column-3\">51 avenue du G\u00e9n\u00e9ral de Gaulle<br \/>\n03700 Bellerive sur Allier<\/td>\n<\/tr>\n<tr class=\"row-14\">\n\t<td class=\"column-1\"><img loading=\"lazy\" decoding=\"async\" src=\"http:\/\/ce-abrest.ligiergroup.com\/wp-content\/uploads\/2018\/05\/villaverde-300x246.jpg\" alt=\"\" width=\"300\" height=\"246\" class=\"alignnone size-medium wp-image-132\" srcset=\"https:\/\/ce-abrest.ligiergroup.com\/wp-content\/uploads\/2018\/05\/villaverde-300x246.jpg 300w, https:\/\/ce-abrest.ligiergroup.com\/wp-content\/uploads\/2018\/05\/villaverde.jpg 750w\" sizes=\"auto, (max-width: 300px) 100vw, 300px\" \/><\/td><td class=\"column-2\">10% sur pr\u00e9sentation de la carte CE<\/td><td class=\"column-3\">3 all\u00e9e Colonel Henry Rol Tanguy<br \/>\n03700 Bellerive sur Allier<\/td>\n<\/tr>\n<tr class=\"row-15\">\n\t<td class=\"column-1\"><img loading=\"lazy\" decoding=\"async\" src=\"http:\/\/ce-abrest.ligiergroup.com\/wp-content\/uploads\/2018\/05\/signature-mr-bricolage-820x360-300x132.png\" alt=\"\" width=\"300\" height=\"132\" class=\"alignnone size-medium wp-image-133\" srcset=\"https:\/\/ce-abrest.ligiergroup.com\/wp-content\/uploads\/2018\/05\/signature-mr-bricolage-820x360-300x132.png 300w, https:\/\/ce-abrest.ligiergroup.com\/wp-content\/uploads\/2018\/05\/signature-mr-bricolage-820x360-768x337.png 768w, https:\/\/ce-abrest.ligiergroup.com\/wp-content\/uploads\/2018\/05\/signature-mr-bricolage-820x360.png 820w\" sizes=\"auto, (max-width: 300px) 100vw, 300px\" \/><\/td><td class=\"column-2\">10% offre non valable sur le offre fid\u00e9lit\u00e9s en cours, produits en promotion et commande en cours. Hos combustibles, \u00e9lectroportatifs, nettoyeur haute pression, produits motoris\u00e9s de jardin, mat\u00e9riaux de construction, services, et dans la limite du seuil de revente \u00e0 perte.<\/td><td class=\"column-3\">16 route de St Pour\u00e7ain<br \/>\n03110 Charmeil<\/td>\n<\/tr>\n<tr class=\"row-16\">\n\t<td class=\"column-1\"><img loading=\"lazy\" decoding=\"async\" src=\"http:\/\/ce-abrest.ligiergroup.com\/wp-content\/uploads\/2018\/05\/tollens.jpg\" alt=\"\" width=\"290\" height=\"170\" class=\"alignnone size-full wp-image-135\"\/><\/td><td class=\"column-2\">10% Peintures Tollens - 20% gamme Flat hydro - 20% sur l'outillages<\/td><td class=\"column-3\">94 avenue Gilbert Roux<br \/>\n03300 Cusset<\/td>\n<\/tr>\n<tr class=\"row-17\">\n\t<td class=\"column-1\"><img loading=\"lazy\" decoding=\"async\" src=\"http:\/\/ce-abrest.ligiergroup.com\/wp-content\/uploads\/2018\/05\/norauto.png\" alt=\"\" width=\"225\" height=\"225\" class=\"alignnone size-full wp-image-137\" srcset=\"https:\/\/ce-abrest.ligiergroup.com\/wp-content\/uploads\/2018\/05\/norauto.png 225w, https:\/\/ce-abrest.ligiergroup.com\/wp-content\/uploads\/2018\/05\/norauto-150x150.png 150w\" sizes=\"auto, (max-width: 225px) 100vw, 225px\" \/><\/td><td class=\"column-2\">15% sur la MO Pr\u00e9sentation carte CSE + CNI obligatoires<\/td><td class=\"column-3\">Avenue des Ailes et 39 rue des Bartins<br \/>\n03200 Vichy<\/td>\n<\/tr>\n<tr class=\"row-18\">\n\t<td class=\"column-1\"><img loading=\"lazy\" decoding=\"async\" src=\"http:\/\/ce-abrest.ligiergroup.com\/wp-content\/uploads\/2018\/05\/logo-carrefour-jeff-de-bruges-242x182.png\" alt=\"\" width=\"242\" height=\"182\" class=\"alignnone size-full wp-image-138\"\/><\/td><td class=\"column-2\">5 % sur pr\u00e9sentation de la carte CE<\/td><td class=\"column-3\">10 rue Georges Clemenceau<br \/>\n03200 Vichy<\/td>\n<\/tr>\n<tr class=\"row-19\">\n\t<td class=\"column-1\"><img loading=\"lazy\" decoding=\"async\" src=\"http:\/\/ce-abrest.ligiergroup.com\/wp-content\/uploads\/2020\/02\/acs-300x280.png\" alt=\"\" width=\"300\" height=\"280\" class=\"alignnone size-medium wp-image-356\" srcset=\"https:\/\/ce-abrest.ligiergroup.com\/wp-content\/uploads\/2020\/02\/acs-300x280.png 300w, https:\/\/ce-abrest.ligiergroup.com\/wp-content\/uploads\/2020\/02\/acs.png 607w\" sizes=\"auto, (max-width: 300px) 100vw, 300px\" \/><\/td><td class=\"column-2\">-Main d'oeuvre 55\u20ac\/h au lieu de 75\u20ac\/h<br \/>\n-35% sur pi\u00e8ces d\u00e9tach\u00e9es hors pneus et pi\u00e8ces \u00e9lectriques et\/ou constructeurs<br \/>\n-10% sur l'huile Motul -40% sur Disques Plaquettes Ferodo -30 \u00e0 35% sur pneus gamme premium et discount et -25% sur Michelin<\/td><td class=\"column-3\">En face de LIGIERGROUP (point S)<\/td>\n<\/tr>\n<tr class=\"row-20\">\n\t<td class=\"column-1\"><img loading=\"lazy\" decoding=\"async\" src=\"https:\/\/ce-abrest.ligiergroup.com\/wp-content\/uploads\/2023\/03\/la-grande-recree.png\" alt=\"\" width=\"170\" height=\"109\" class=\"alignnone size-full wp-image-633\" \/><\/td><td class=\"column-2\">10% hors promotions et catalogues<\/td><td class=\"column-3\">https:\/\/www.lagranderecre.fr\/magasins\/vichy-nord.html<\/td>\n<\/tr>\n<tr class=\"row-21\">\n\t<td class=\"column-1\"><img loading=\"lazy\" decoding=\"async\" src=\"http:\/\/ce-abrest.ligiergroup.com\/wp-content\/uploads\/2020\/07\/LOGO_FOND_BLANC-150x150.jpg\" alt=\"\" width=\"150\" height=\"150\" class=\"alignnone size-thumbnail wp-image-387\" srcset=\"https:\/\/ce-abrest.ligiergroup.com\/wp-content\/uploads\/2020\/07\/LOGO_FOND_BLANC-150x150.jpg 150w, https:\/\/ce-abrest.ligiergroup.com\/wp-content\/uploads\/2020\/07\/LOGO_FOND_BLANC-510x510.jpg 510w\" sizes=\"auto, (max-width: 150px) 100vw, 150px\" \/><\/td><td class=\"column-2\">Pour les s\u00e9jours uniquement, Contacter le 05 49 49 30 80 et communiquer le code cse: 1910036<\/td><td class=\"column-3\">Futuroscope<\/td>\n<\/tr>\n<tr class=\"row-22\">\n\t<td class=\"column-1\"><img loading=\"lazy\" decoding=\"async\" src=\"https:\/\/ce-abrest.ligiergroup.com\/wp-content\/uploads\/2023\/03\/back-step.png\" alt=\"\" width=\"124\" height=\"109\" class=\"alignnone size-full wp-image-635\" \/><\/td><td class=\"column-2\">Tarif r\u00e9duit 15\u20ac seulement au porteur de la carte CSE (pr\u00e9sentation carte obligatoire \u00e0 la remise des billets) - tarif 12\u20ac  pour les -18 ans - R\u00e9servation et r\u00e8glement CB en ligne en s\u00e9lectionnant le tarif r\u00e9duit pour le salari\u00e9 Ligier Group sinon r\u00e9servation par t\u00e9l\u00e9phone ou mail et r\u00e9glement sur place par ch\u00e8que ou espece uniquement<\/td><td class=\"column-3\">https:\/\/www.lebackstep.com\/<\/td>\n<\/tr>\n<tr class=\"row-23\">\n\t<td class=\"column-1\"><img loading=\"lazy\" decoding=\"async\" src=\"https:\/\/ce-abrest.ligiergroup.com\/wp-content\/uploads\/2023\/03\/norisko.png\" alt=\"\" width=\"164\" height=\"50\" class=\"alignnone size-full wp-image-636\" \/><\/td><td class=\"column-2\">r\u00e9duction de 8\u20ac sur un contr\u00f4le technique p\u00e9riodique (tous types de v\u00e9hicules)<\/td><td class=\"column-3\">https:\/\/www.dekra-norisko.fr\/centres-controle-technique\/gannat,03800\/auto-bilan-technic,s003d060#utm_source=google&amp;utm_medium=mybusiness&amp;utm_campaign=fiche_centre&amp;utm_term=Gannat&amp;utm_content=S003D060<\/td>\n<\/tr>\n<tr class=\"row-24\">\n\t<td class=\"column-1\"><img loading=\"lazy\" decoding=\"async\" src=\"https:\/\/ce-abrest.ligiergroup.com\/wp-content\/uploads\/2023\/03\/dekra.png\" alt=\"\" width=\"112\" height=\"55\" class=\"alignnone size-full wp-image-637\" \/><\/td><td class=\"column-2\">r\u00e9duction de 8\u20ac sur un contr\u00f4le technique p\u00e9riodique (tous types de v\u00e9hicules)<\/td><td class=\"column-3\">Cusset: https:\/\/www.dekra-norisko.fr\/centres-controle-technique\/cusset,03300\/auto-bilan-technic,s003d042#utm_source=google&amp;utm_medium=mybusiness&amp;utm_campaign=fiche_centre&amp;utm_term=Cusset&amp;utm_content=S003D042<\/td>\n<\/tr>\n<tr class=\"row-25\">\n\t<td class=\"column-1\"><img loading=\"lazy\" decoding=\"async\" src=\"https:\/\/ce-abrest.ligiergroup.com\/wp-content\/uploads\/2023\/03\/dekra.png\" alt=\"\" width=\"112\" height=\"55\" class=\"alignnone size-full wp-image-637\" \/><\/td><td class=\"column-2\">r\u00e9duction de 8\u20ac sur un contr\u00f4le technique p\u00e9riodique (tous types de v\u00e9hicules)<\/td><td class=\"column-3\">Bellerive sur allier: https:\/\/www.dekra-norisko.fr\/centres-controle-technique\/bellerive-sur-allier,03700\/auto-bilan-technic-dekra,s003d043#utm_source=google&amp;utm_medium=mybusiness&amp;utm_campaign=fiche_centre&amp;utm_term=Bellerive-Sur-Allier&amp;utm_content=S003D043<br \/>\n<\/td>\n<\/tr>\n<tr class=\"row-26\">\n\t<td class=\"column-1\"><img loading=\"lazy\" decoding=\"async\" src=\"https:\/\/ce-abrest.ligiergroup.com\/wp-content\/uploads\/2023\/03\/san-remo.png\" alt=\"\" width=\"97\" height=\"34\" class=\"alignnone size-full wp-image-638\" \/><\/td><td class=\"column-2\">Sur demande CSE \/ coupon remise 5% valable sur distributeur 24h\/24h<\/td><td class=\"column-3\">https:\/\/www.facebook.com\/lesanremorestaurant\/<\/td>\n<\/tr>\n<tr class=\"row-27\">\n\t<td class=\"column-1\"><img loading=\"lazy\" decoding=\"async\" src=\"https:\/\/ce-abrest.ligiergroup.com\/wp-content\/uploads\/2023\/03\/cochon.png\" alt=\"\" width=\"127\" height=\"31\" class=\"alignnone size-full wp-image-639\" \/><\/td><td class=\"column-2\">-3% de 20\u20ac \u00e0 50\u20ac d'achat \/ -4% de 50,01\u20ac \u00e0 100\u20ac d'achat \/ -6% plus de 100\u20ac d'achat<\/td><td class=\"column-3\">https:\/\/les3ptitscochons.site-solocal.com\/<\/td>\n<\/tr>\n<tr class=\"row-28\">\n\t<td class=\"column-1\"><img loading=\"lazy\" decoding=\"async\" src=\"https:\/\/ce-abrest.ligiergroup.com\/wp-content\/uploads\/2023\/03\/jeff.png\" alt=\"\" width=\"182\" height=\"95\" class=\"alignnone size-full wp-image-640\" \/><\/td><td class=\"column-2\">5%<\/td><td class=\"column-3\">https:\/\/www.jeff-de-bruges.com\/<\/td>\n<\/tr>\n<tr class=\"row-29\">\n\t<td class=\"column-1\"><img loading=\"lazy\" decoding=\"async\" src=\"https:\/\/www.stade-aquatique.fr\/wp-content\/uploads\/2018\/04\/logo-blanc-stade-aquatique.png\" alt=\"\" width=\"300\" height=\"245\" class=\"alignnone size-medium wp-image-606\" \/><\/td><td class=\"column-2\">une carte payant qui est remise en \u00e9change du ticket chez nous, carte \u00e0 r\u00e9gler sur place d'un montant unitaire de 2.20\u20ac (aussi bien pour les adultes que pour les enfants)<\/td><td class=\"column-3\">https:\/\/www.stade-aquatique.fr\/<\/td>\n<\/tr>\n<tr class=\"row-30\">\n\t<td class=\"column-1\"><\/td><td class=\"column-2\"><\/td><td class=\"column-3\"><\/td>\n<\/tr>\n<tr class=\"row-31\">\n\t<td class=\"column-1\"><\/td><td class=\"column-2\"><\/td><td class=\"column-3\"><\/td>\n<\/tr>\n<\/tbody>\n<\/table>\n<!-- #tablepress-1 from cache -->\n","protected":false},"excerpt":{"rendered":"<p>En un clic, venez d\u00e9couvrir tous les partenariats que nous avons avec les commerces locaux &nbsp;<\/p>\n","protected":false},"author":1,"featured_media":67,"parent":0,"menu_order":0,"comment_status":"closed","ping_status":"closed","template":"","meta":{"footnotes":""},"class_list":["post-2","page","type-page","status-publish","has-post-thumbnail","czr-hentry"],"_links":{"self":[{"href":"https:\/\/ce-abrest.ligiergroup.com\/index.php\/wp-json\/wp\/v2\/pages\/2","targetHints":{"allow":["GET"]}}],"collection":[{"href":"https:\/\/ce-abrest.ligiergroup.com\/index.php\/wp-json\/wp\/v2\/pages"}],"about":[{"href":"https:\/\/ce-abrest.ligiergroup.com\/index.php\/wp-json\/wp\/v2\/types\/page"}],"author":[{"embeddable":true,"href":"https:\/\/ce-abrest.ligiergroup.com\/index.php\/wp-json\/wp\/v2\/users\/1"}],"replies":[{"embeddable":true,"href":"https:\/\/ce-abrest.ligiergroup.com\/index.php\/wp-json\/wp\/v2\/comments?post=2"}],"version-history":[{"count":3,"href":"https:\/\/ce-abrest.ligiergroup.com\/index.php\/wp-json\/wp\/v2\/pages\/2\/revisions"}],"predecessor-version":[{"id":131,"href":"https:\/\/ce-abrest.ligiergroup.com\/index.php\/wp-json\/wp\/v2\/pages\/2\/revisions\/131"}],"wp:featuredmedia":[{"embeddable":true,"href":"https:\/\/ce-abrest.ligiergroup.com\/index.php\/wp-json\/wp\/v2\/media\/67"}],"wp:attachment":[{"href":"https:\/\/ce-abrest.ligiergroup.com\/index.php\/wp-json\/wp\/v2\/media?parent=2"}],"curies":[{"name":"wp","href":"https:\/\/api.w.org\/{rel}","templated":true}]}}