{"id":192,"date":"2019-06-20T17:10:54","date_gmt":"2019-06-20T15:10:54","guid":{"rendered":"http:\/\/ce-abrest.ligiergroup.com\/?page_id=192"},"modified":"2024-01-09T10:25:19","modified_gmt":"2024-01-09T09:25:19","slug":"billetterie","status":"publish","type":"page","link":"https:\/\/ce-abrest.ligiergroup.com\/index.php\/billetterie\/","title":{"rendered":"Billetterie Ligiergroup"},"content":{"rendered":"\n<div class=\"wp-block-media-text alignwide is-stacked-on-mobile\" style=\"grid-template-columns:23% auto\"><figure class=\"wp-block-media-text__media\"><img loading=\"lazy\" decoding=\"async\" width=\"171\" height=\"96\" src=\"http:\/\/ce-abrest.ligiergroup.com\/wp-content\/uploads\/2019\/06\/etoile.png\" alt=\"\" class=\"wp-image-194 size-full\"\/><\/figure><div class=\"wp-block-media-text__content\">\n<p class=\"has-text-align-left\">Prix CE Ligiergroup 5\u20ac\/Place.<br>Limit\u00e9 \u00e0 10 entr\u00e9es par salari\u00e9 et par an.<br><strong><span style=\"text-decoration: underline;\"><\/span><\/strong><\/p>\n<\/div><\/div>\n\n\n\n<div class=\"wp-block-media-text alignwide is-stacked-on-mobile\" style=\"grid-template-columns:23% auto\"><figure class=\"wp-block-media-text__media\"><img loading=\"lazy\" decoding=\"async\" width=\"180\" height=\"142\" src=\"http:\/\/ce-abrest.ligiergroup.com\/wp-content\/uploads\/2019\/06\/pal-4.png\" alt=\"\" class=\"wp-image-205 size-full\"\/><\/figure><div class=\"wp-block-media-text__content\">\n<p>    Prix CE Ligiergroup: 20\u20ac \/Place.<br>    Limit\u00e9 \u00e0 5 entr\u00e9es par salari\u00e9 et par ans.<br>     <\/p>\n<\/div><\/div>\n\n\n\n<div class=\"wp-block-media-text alignwide is-stacked-on-mobile\" style=\"grid-template-columns:23% auto\"><figure class=\"wp-block-media-text__media\"><img loading=\"lazy\" decoding=\"async\" width=\"375\" height=\"121\" src=\"http:\/\/ce-abrest.ligiergroup.com\/wp-content\/uploads\/2019\/06\/kizou.png\" alt=\"\" class=\"wp-image-206 size-full\" srcset=\"https:\/\/ce-abrest.ligiergroup.com\/wp-content\/uploads\/2019\/06\/kizou.png 375w, https:\/\/ce-abrest.ligiergroup.com\/wp-content\/uploads\/2019\/06\/kizou-300x97.png 300w\" sizes=\"auto, (max-width: 375px) 100vw, 375px\" \/><\/figure><div class=\"wp-block-media-text__content\">\n<p>    Prix CE Ligiergroup: <br>    Ilimit\u00e9: 5\u20ac\/place<br>    Limit\u00e9 \u00e0 10 entr\u00e9es par salari\u00e9 par an.<br>    *1h si plus de 3 ans , illimit\u00e9 sinon.<\/p>\n<\/div><\/div>\n\n\n\n<div class=\"wp-block-media-text alignwide is-stacked-on-mobile\" style=\"grid-template-columns:23% auto\"><figure class=\"wp-block-media-text__media\"><img loading=\"lazy\" decoding=\"async\" width=\"172\" height=\"113\" src=\"http:\/\/ce-abrest.ligiergroup.com\/wp-content\/uploads\/2019\/06\/piscine.png\" alt=\"\" class=\"wp-image-197 size-full\"\/><\/figure><div class=\"wp-block-media-text__content\">\n<p>   Prix CE Ligiergroup:<br>   Adulte: 25\u20ac\/carnet<br>   Enfant: 15\u20ac\/carnet <\/p>\n<\/div><\/div>\n\n\n\n<div class=\"wp-block-media-text alignwide is-stacked-on-mobile\" style=\"grid-template-columns:23% auto\"><figure class=\"wp-block-media-text__media\"><img loading=\"lazy\" decoding=\"async\" width=\"360\" height=\"373\" src=\"http:\/\/ce-abrest.ligiergroup.com\/wp-content\/uploads\/2020\/03\/zooooooo.png\" alt=\"\" class=\"wp-image-364 size-full\" srcset=\"https:\/\/ce-abrest.ligiergroup.com\/wp-content\/uploads\/2020\/03\/zooooooo.png 360w, https:\/\/ce-abrest.ligiergroup.com\/wp-content\/uploads\/2020\/03\/zooooooo-290x300.png 290w\" sizes=\"auto, (max-width: 360px) 100vw, 360px\" \/><\/figure><div class=\"wp-block-media-text__content\">\n<p>   Prix CE Ligiergroup:<br>   <\/p>\n\n\n\n<p>   Adulte 1 et 2J: 25\u20ac <br>   Enfant 1 et 2J:  <strong>20\u20ac<\/strong><\/p>\n<\/div><\/div>\n\n\n\n<p class=\"has-text-align-center has-vivid-cyan-blue-color has-text-color has-large-font-size\"><a href=\"https:\/\/docs.google.com\/forms\/d\/e\/1FAIpQLScKoqlp9FQq7taiZdDMIgAPIyxag3mH5Am0VRZese0Cf2h64Q\/viewform?usp=sf_link\">Commande Billetterie<\/a><\/p>\n\n\n\n<p><\/p>\n","protected":false},"excerpt":{"rendered":"<p>Prix CE Ligiergroup 5\u20ac\/Place.Limit\u00e9 \u00e0 10 entr\u00e9es par salari\u00e9 et par an. Prix CE Ligiergroup: 20\u20ac \/Place. Limit\u00e9 \u00e0 5 entr\u00e9es par salari\u00e9 et par ans. Prix CE Ligiergroup: Ilimit\u00e9: 5\u20ac\/place Limit\u00e9 \u00e0 10 entr\u00e9es par salari\u00e9 par an. *1h si plus de 3 ans , illimit\u00e9 sinon. Prix CE Ligiergroup: Adulte: 25\u20ac\/carnet Enfant: 15\u20ac\/carnet [&hellip;]<\/p>\n","protected":false},"author":6,"featured_media":0,"parent":0,"menu_order":0,"comment_status":"closed","ping_status":"closed","template":"","meta":{"footnotes":""},"class_list":["post-192","page","type-page","status-publish","czr-hentry"],"_links":{"self":[{"href":"https:\/\/ce-abrest.ligiergroup.com\/index.php\/wp-json\/wp\/v2\/pages\/192","targetHints":{"allow":["GET"]}}],"collection":[{"href":"https:\/\/ce-abrest.ligiergroup.com\/index.php\/wp-json\/wp\/v2\/pages"}],"about":[{"href":"https:\/\/ce-abrest.ligiergroup.com\/index.php\/wp-json\/wp\/v2\/types\/page"}],"author":[{"embeddable":true,"href":"https:\/\/ce-abrest.ligiergroup.com\/index.php\/wp-json\/wp\/v2\/users\/6"}],"replies":[{"embeddable":true,"href":"https:\/\/ce-abrest.ligiergroup.com\/index.php\/wp-json\/wp\/v2\/comments?post=192"}],"version-history":[{"count":23,"href":"https:\/\/ce-abrest.ligiergroup.com\/index.php\/wp-json\/wp\/v2\/pages\/192\/revisions"}],"predecessor-version":[{"id":710,"href":"https:\/\/ce-abrest.ligiergroup.com\/index.php\/wp-json\/wp\/v2\/pages\/192\/revisions\/710"}],"wp:attachment":[{"href":"https:\/\/ce-abrest.ligiergroup.com\/index.php\/wp-json\/wp\/v2\/media?parent=192"}],"curies":[{"name":"wp","href":"https:\/\/api.w.org\/{rel}","templated":true}]}}