{"id":158,"date":"2019-04-10T16:33:20","date_gmt":"2019-04-10T14:33:20","guid":{"rendered":"http:\/\/ce-abrest.ligiergroup.com\/?page_id=158"},"modified":"2025-11-04T07:38:40","modified_gmt":"2025-11-04T06:38:40","slug":"mon-cse","status":"publish","type":"page","link":"https:\/\/ce-abrest.ligiergroup.com\/index.php\/mon-cse\/","title":{"rendered":"MON CSE"},"content":{"rendered":"\n<p>Le CSE est une instance repr\u00e9sentative du personnel<br><\/p>\n\n\n\n<p>Le Comit\u00e9 social et \u00e9conomique remplace les repr\u00e9sentants \u00e9lus du personnel dans l&rsquo;entreprise. Il fusionne l&rsquo;ensemble des instances repr\u00e9sentatives du personnel, les d\u00e9l\u00e9gu\u00e9s du personnel, le comit\u00e9 d&rsquo;entreprise et le CHSCT.<\/p>\n\n\n\n<p>Le CSE sera donc compos\u00e9 de l&#8217;employeur et d&rsquo;une d\u00e9l\u00e9gation de personnel. Les membres du CSE sont \u00e9lus pour une dur\u00e9e de mandat de 4 ans.<\/p>\n\n\n\n<p>La d\u00e9l\u00e9gation du personnel au CSE a pour mission de pr\u00e9senter \u00e0 l&#8217;employeur les r\u00e9clamations individuelles ou collectives relatives aux salaires, \u00e0 l&rsquo;application du code de travail et des autres dispositions l\u00e9gales concernant notamment la protection sociale, ainsi que des conventions et accords applicables dans l&rsquo;entreprise.Les conditions de travail, d&#8217;emploi et de formation professionnelles des salari\u00e9s<\/p>\n\n\n\n<p>Le CSE \u00e0 \u00e9galement pour mission d&rsquo;assurer une expression collective des salari\u00e9s permettant la prise en compte permanente de leurs int\u00e9r\u00eats.<\/p>\n\n\n\n<p>Pour rappel, au sein de la Soci\u00e9t\u00e9 LIGIER GROUP, il y aura, en application de l&rsquo;accord collectif: <br>-2 CSE d&rsquo;\u00e9tablissements; site de Bouff\u00e9r\u00e9 et site d&rsquo;Abrest.<br>-1 CCE central<\/p>\n\n\n\n<p><em><strong>Vos membres du Comit\u00e9 social \u00e9conomique d&rsquo;Abrest:<\/strong><\/em><br><br><strong>Secr\u00e9taire<\/strong> : Laura GAUME<br><strong>Secr\u00e9taire  adjoint: <\/strong><br><strong>Tr\u00e9sorier:<\/strong> Nathalie DAVID<br><strong>Tr\u00e9sorier Adjoint: <\/strong>Jean-Pierre LLOPIS<br><br><strong>Comission sant\u00e9 s\u00e9curit\u00e9 et condition de travail (CSSCT):<\/strong><br>-L\u00e9titia RAYMOND\u00a0\u00a0<br>-Laura GAUME<br>-Bruno HACHET<br><\/p>\n\n\n\n<p><strong>PREMIER COLLEGE<\/strong> [titulaire (T) et suppl\u00e9ant (S)]<\/p>\n\n\n\n<p>Richard RAYMOND (T)&nbsp;&nbsp;&nbsp;<\/p>\n\n\n\n<p>L\u00e9titia RAYMOND (T)&nbsp;&nbsp;&nbsp;&nbsp;&nbsp;&nbsp;&nbsp;&nbsp;&nbsp;<\/p>\n\n\n\n<p>Jean-Pierre LLOPIS (T)&nbsp;<\/p>\n\n\n\n<p>Patrick GAGNOL (T)&nbsp;<\/p>\n\n\n\n<p>Nathalie DAVID (T)&nbsp;<\/p>\n\n\n\n<p>St\u00e9phane LACROIX (T)&nbsp;<\/p>\n\n\n\n<p>Anne DELEUZE&nbsp;(S)<\/p>\n\n\n\n<p><strong>DEUXIEME COLLEGE<\/strong> [titulaire (T) et suppl\u00e9ant (S)]<\/p>\n\n\n\n<p>Laura GAUME (T)<\/p>\n\n\n\n<p>Cl\u00e9ment GOUTAUDIER (S)\u00a0\u00a0\u00a0\u00a0\u00a0\u00a0\u00a0\u00a0\u00a0\u00a0\u00a0<\/p>\n\n\n\n<p><strong>TROISIEME COLLEGE<\/strong> [titulaire (T) et suppl\u00e9ant (S)]\u00a0<\/p>\n\n\n\n<p>Bruno HACHET (S)<\/p>\n\n\n\n<p><br><strong>Avantages aux Salari\u00e9s:<\/strong><\/p>\n\n\n\n<p><strong>Mariage et pacs:<\/strong><br>Pour cet heureux engagement, votre CSE vous octroie un bon d&rsquo;achat de 50\u20ac. Sous envoi justificatif a votre cse.<\/p>\n\n\n\n<p><strong>Naissance:<\/strong><br>Pour cet heureux \u00e9venement, votre CSE vous octroie un bon d&rsquo;achat de 50\u20ac. Sous envoi justificatif a votre cse.<\/p>\n\n\n\n<p><strong>Retraite:<\/strong><br>Pour cet \u00e9venement, votre CSE vous octroie un bon d&rsquo;achat de 150\u20ac.<\/p>\n\n\n\n<p><strong>Noel:<\/strong><br>Pour cet \u00e9v\u00e8nement, votre CSE vous octroie un bon d&rsquo;achat de 75\u20ac.<\/p>\n\n\n\n<p><\/p>\n\n\n\n<p><\/p>\n\n\n\n<p><strong>Equipe CSE Centrale (repr\u00e9sentant Abrest):<\/strong> [titulaire (T) et suppl\u00e9ant (S)]<br>-Patrick GAGNOL (T)&nbsp;&nbsp;&nbsp;<br>-Richard RAYMOND (S)&nbsp;<\/p>\n\n\n\n<p>-Laura GAUME (T)\u00a0<br>-Cl\u00e9ment GOUTAUDIER (S)\u00a0\u00a0<\/p>\n\n\n\n<p><\/p>\n\n\n\n<p><\/p>\n","protected":false},"excerpt":{"rendered":"<p>Le CSE est une instance repr\u00e9sentative du personnel Le Comit\u00e9 social et \u00e9conomique remplace les repr\u00e9sentants \u00e9lus du personnel dans l&rsquo;entreprise. Il fusionne l&rsquo;ensemble des instances repr\u00e9sentatives du personnel, les d\u00e9l\u00e9gu\u00e9s du personnel, le comit\u00e9 d&rsquo;entreprise et le CHSCT. Le CSE sera donc compos\u00e9 de l&#8217;employeur et d&rsquo;une d\u00e9l\u00e9gation de personnel. Les membres du CSE [&hellip;]<\/p>\n","protected":false},"author":6,"featured_media":0,"parent":0,"menu_order":0,"comment_status":"closed","ping_status":"closed","template":"","meta":{"footnotes":""},"class_list":["post-158","page","type-page","status-publish","czr-hentry"],"_links":{"self":[{"href":"https:\/\/ce-abrest.ligiergroup.com\/index.php\/wp-json\/wp\/v2\/pages\/158","targetHints":{"allow":["GET"]}}],"collection":[{"href":"https:\/\/ce-abrest.ligiergroup.com\/index.php\/wp-json\/wp\/v2\/pages"}],"about":[{"href":"https:\/\/ce-abrest.ligiergroup.com\/index.php\/wp-json\/wp\/v2\/types\/page"}],"author":[{"embeddable":true,"href":"https:\/\/ce-abrest.ligiergroup.com\/index.php\/wp-json\/wp\/v2\/users\/6"}],"replies":[{"embeddable":true,"href":"https:\/\/ce-abrest.ligiergroup.com\/index.php\/wp-json\/wp\/v2\/comments?post=158"}],"version-history":[{"count":30,"href":"https:\/\/ce-abrest.ligiergroup.com\/index.php\/wp-json\/wp\/v2\/pages\/158\/revisions"}],"predecessor-version":[{"id":736,"href":"https:\/\/ce-abrest.ligiergroup.com\/index.php\/wp-json\/wp\/v2\/pages\/158\/revisions\/736"}],"wp:attachment":[{"href":"https:\/\/ce-abrest.ligiergroup.com\/index.php\/wp-json\/wp\/v2\/media?parent=158"}],"curies":[{"name":"wp","href":"https:\/\/api.w.org\/{rel}","templated":true}]}}