{"id":121,"date":"2018-04-20T10:57:56","date_gmt":"2018-04-20T08:57:56","guid":{"rendered":"http:\/\/ce.ligiergroup.fr\/?page_id=121"},"modified":"2019-07-03T15:46:58","modified_gmt":"2019-07-03T13:46:58","slug":"location","status":"publish","type":"page","link":"https:\/\/ce-abrest.ligiergroup.com\/index.php\/location\/","title":{"rendered":"Location de mat\u00e9riel"},"content":{"rendered":"\n<p>Le C.S.E. met en place un service de location de mat\u00e9riel.<br>Pour d\u00e9buter, nous mettons en location: <\/p>\n\n\n\n<ul class=\"wp-block-list\"><li>4 Tables (1.80m x 0.76m)<\/li><li>4 bancs<\/li><\/ul>\n\n\n\n<p>Ces \u00e9l\u00e9ments ne pourront pas \u00eatre lou\u00e9s lors de la p\u00e9riode des pots organis\u00e9 par le C.S.E.<\/p>\n\n\n\n<figure class=\"wp-block-image\"><img loading=\"lazy\" decoding=\"async\" width=\"568\" height=\"319\" src=\"http:\/\/ce-abrest.ligiergroup.com\/wp-content\/uploads\/2019\/07\/table.png\" alt=\"\" class=\"wp-image-220\" srcset=\"https:\/\/ce-abrest.ligiergroup.com\/wp-content\/uploads\/2019\/07\/table.png 568w, https:\/\/ce-abrest.ligiergroup.com\/wp-content\/uploads\/2019\/07\/table-300x168.png 300w, https:\/\/ce-abrest.ligiergroup.com\/wp-content\/uploads\/2019\/07\/table-528x297.png 528w\" sizes=\"auto, (max-width: 568px) 100vw, 568px\" \/><\/figure>\n\n\n\n<p>Tarif:<br>2\u20ac pour la table.<br>1\u20ac par banc.<br>Un ch\u00e8que de caution sera demand\u00e9 lors de la location (50\u20ac).<\/p>\n","protected":false},"excerpt":{"rendered":"<p>Le C.S.E. met en place un service de location de mat\u00e9riel.Pour d\u00e9buter, nous mettons en location: 4 Tables (1.80m x 0.76m) 4 bancs Ces \u00e9l\u00e9ments ne pourront pas \u00eatre lou\u00e9s lors de la p\u00e9riode des pots organis\u00e9 par le C.S.E. Tarif:2\u20ac pour la table.1\u20ac par banc.Un ch\u00e8que de caution sera demand\u00e9 lors de la location [&hellip;]<\/p>\n","protected":false},"author":6,"featured_media":0,"parent":0,"menu_order":0,"comment_status":"closed","ping_status":"closed","template":"","meta":{"footnotes":""},"class_list":["post-121","page","type-page","status-publish","czr-hentry"],"_links":{"self":[{"href":"https:\/\/ce-abrest.ligiergroup.com\/index.php\/wp-json\/wp\/v2\/pages\/121","targetHints":{"allow":["GET"]}}],"collection":[{"href":"https:\/\/ce-abrest.ligiergroup.com\/index.php\/wp-json\/wp\/v2\/pages"}],"about":[{"href":"https:\/\/ce-abrest.ligiergroup.com\/index.php\/wp-json\/wp\/v2\/types\/page"}],"author":[{"embeddable":true,"href":"https:\/\/ce-abrest.ligiergroup.com\/index.php\/wp-json\/wp\/v2\/users\/6"}],"replies":[{"embeddable":true,"href":"https:\/\/ce-abrest.ligiergroup.com\/index.php\/wp-json\/wp\/v2\/comments?post=121"}],"version-history":[{"count":2,"href":"https:\/\/ce-abrest.ligiergroup.com\/index.php\/wp-json\/wp\/v2\/pages\/121\/revisions"}],"predecessor-version":[{"id":221,"href":"https:\/\/ce-abrest.ligiergroup.com\/index.php\/wp-json\/wp\/v2\/pages\/121\/revisions\/221"}],"wp:attachment":[{"href":"https:\/\/ce-abrest.ligiergroup.com\/index.php\/wp-json\/wp\/v2\/media?parent=121"}],"curies":[{"name":"wp","href":"https:\/\/api.w.org\/{rel}","templated":true}]}}